{"id":85,"date":"2016-11-01T18:16:32","date_gmt":"2016-11-01T17:16:32","guid":{"rendered":"http:\/\/www.pgnf-orchestra.pl\/?page_id=85"},"modified":"2023-06-06T12:11:33","modified_gmt":"2023-06-06T10:11:33","slug":"w-skrocie","status":"publish","type":"page","link":"http:\/\/wojciechzielinski.eu\/en\/biografia\/w-skrocie\/","title":{"rendered":"In brief&#8230;"},"content":{"rendered":"<p><\/p>\n<ul>\n<li>Born February 15, 1955 in J\u00f3zef\u00f3w (Poland).<\/li>\n<li>At the age of 3, I take my first steps as a conductor \u2013 the band playing under my baton is extremely modest, because one-man \u2013 <a href=\"http:\/\/wojciechzielinski.eu\/wordpress\/wp-content\/uploads\/2021\/05\/Faceci-w-Krakowie-3.jpg\" target=\"_blank\" rel=\"noopener\"><span style=\"color: #3366ff;\">older brother accordion player<\/span><\/a>\u2026 1958.<\/li>\n<li>The beginnings of playing the piano but <span style=\"color: #0000ff;\"><a style=\"color: #0000ff;\" href=\"http:\/\/wojciechzielinski.eu\/wordpress\/wp-content\/uploads\/2016\/11\/o6tco5e7.bmp\"><span style=\"color: #3366ff;\">not only<\/span><\/a><\/span>&#8230; 1959.<\/li>\n<li>My first composition \u2013 <span style=\"color: #3366ff;\">\u201c<a style=\"color: #3366ff;\" href=\"http:\/\/wojciechzielinski.eu\/wordpress\/wp-content\/uploads\/2016\/11\/etiuda.jpg\">Etiuda nr 1\u201d<\/a><\/span> for pianoforte 1961.<\/li>\n<li>Diploma of the Fr. Chopin Primary Music School&nbsp; in Warsaw, in the piano class of prof. Ewa Ko\u015bcielska 1970.<\/li>\n<li>Karol Szymanowski Music High School Diploma in Warsaw, in the organ class of prof. Marietta Kruzel 1975.<\/li>\n<li>A period of friendship and cooperation with <a href=\"https:\/\/pl.wikipedia.org\/wiki\/Mateusz_%C5%9Awi%C4%99cicki\" target=\"_blank\" rel=\"noopener\"><span style=\"color: #3366ff;\">Mateusz \u015awi\u0119cicki<\/span><\/a> [\u20201985], a friend who had a huge impact on my professional musician life &#8211; it&#8217;s a pity it was so short&#8230; 1976-85.<\/li>\n<li>Membership of the Association of Authors ZAiKS 1979.<\/li>\n<li>Membership of the Union of Authors and Composers of Entertainment Songs ZAKR 1980.<\/li>\n<li>The beginnings of cooperation with Polish Radio and Television &#8211; arrangements and compositions for many vocalists and instrumentalists and entertainment orchestras, also performances as session musician in recordings and concerts of various performers 1975.<\/li>\n<li>Cooperation with the Komedia Theater in Warsaw (conductor, hammondist) 1976-77.<\/li>\n<li>Constant cooperation with the Warsaw Orchestra of the Polish Radio and Television Studio S-1 conducted by <a href=\"https:\/\/en.wikipedia.org\/wiki\/Andrzej_Trzaskowski\" target=\"_blank\" rel=\"noopener\"><span style=\"color: #3366ff;\">Andrzej Trzaskowski<\/span><\/a> [\u20201998] (composer, arranger, conductor) 1977-85.<\/li>\n<li>Cooperation with the Na Targ\u00f3wku Theater in Warsaw (conductor, arranger and composer) 1978-79.<\/li>\n<li><span style=\"color: #ff0000;\">2nd Prize<\/span> (the First was not awarded) in the <a href=\"http:\/\/wojciechzielinski.eu\/wordpress\/wp-content\/uploads\/2021\/05\/Konkurs-aranzerow-2.jpg\" target=\"_blank\" rel=\"noopener\"><span style=\"color: #3366ff;\">Polish Arranger Competition<\/span><\/a> (the only one organized in Poland) 1978.<\/li>\n<li>The Group \u201c<em>Exit\u201d <\/em> (music director, composer, arranger, keyboard player) 1979-80.<\/li>\n<li>Vocal group \u201c<em>Vox\u201d <\/em> (music director, keyboard player, arranger) 1980.<\/li>\n<li><a href=\"http:\/\/www.hannabanaszak.pl\/\" target=\"_blank\" rel=\"noopener\"><span style=\"color: #3366ff;\">Hanna Banaszak<\/span><\/a> (music director, arranger, conductor, keyboard player) 1980-83.<\/li>\n<li>Invitation to cooperation and a great honor &#8211; <a href=\"https:\/\/en.wikipedia.org\/wiki\/Jerzy_Wasowski\" target=\"_blank\" rel=\"noopener\"><span style=\"color: #3366ff;\">Jerzy Wasowski<\/span><\/a> [\u20201984] and <a href=\"https:\/\/en.wikipedia.org\/wiki\/Jeremi_Przybora\" target=\"_blank\" rel=\"noopener\"><span style=\"color: #3366ff;\">Jeremi Przybora<\/span><\/a> [\u20202004] invite me to cooperate as an arranger in the production of their latest television program \u201c<em>Telefon zaufania\u201d<\/em>, which is also a recital by Hanna Banaszak 1981.<\/li>\n<li><span style=\"color: #ff0000;\">1st Award<\/span> (no prizes were awarded) in the concert of premiere songs, of the XIX KFPP in Opole for the song \u201c<em>Ja dla pana czasu nie mam\u201d<\/em> by Jerzy Wasowski and Jeremi Przybora, performed by Hanna Banaszak (arranger and conductor) 1981.<\/li>\n<li><span style=\"color: #ff0000;\">3rd Prize<\/span> in the Polish Radio competition for an electronic music 1983.<\/li>\n<li>Frequently at the Polish National Song Festival in Opole, in each of the disciplines he practiced 1980-96.<\/li>\n<li>\u00bbJust for Money\u00ab that means contracts in: Iraq, Kuwait, Norway, Sweden, Finland 1984-1991.<\/li>\n<li>Diploma and master&#8217;s degree at the Academy of Music in Warsaw in the composition class of doc. <a href=\"https:\/\/pl.wikipedia.org\/wiki\/Zbigniew_Rudzi%C5%84ski\" target=\"_blank\" rel=\"noopener\"><span style=\"color: #3366ff;\">Zbigniew Rudzi\u0144ski<\/span><\/a> [\u20202019] 1989.<\/li>\n<li>Cooperation with Norwegian musicians 1988-1990.<\/li>\n<li>Archival recordings of own music pieces for Polish Radio, with my band \u201c<em>First Session Band\u201d<\/em>, consisted of excellent session musicians, as well as vocalists: Danuta B\u0142a\u017cejczyk and Leonard Kaczanowski 1985-86.<\/li>\n<li>Recording sessions of LP albums with vocalists Edyta Geppert and El\u017cbieta Wojnowska (arranger, keyboard player) 1987-88.<\/li>\n<li>Participation in music workshops: twice the function of music director (rock bands) in Brzeg and at least ten times performing the duties of a music consultant (vocalists) in Brzeg, Lubliniec, Otmuch\u00f3w, My\u015blec, and Warsaw 1983-90.<\/li>\n<li><span style=\"color: #ff0000;\">2nd Prize<\/span> (the First one was not awarded) in the <a href=\"http:\/\/wojciechzielinski.eu\/wordpress\/wp-content\/uploads\/2021\/05\/ZKP-Konkurs-Bairda-list-oficjalny-scaled-e1620497655174.jpg\"><span style=\"color: #3366ff;\">Composers &#8216;Competition of the Ko\u0142o M\u0142odych ZKP under Tadeusz Baird name<\/span><\/a> for the music piece \u201c<em>Il tremolar della marina\u201d<\/em> for string orchestra (jury chaired by <a href=\"https:\/\/en.wikipedia.org\/wiki\/Witold_Lutos%C5%82awski\" target=\"_blank\" rel=\"noopener\"><span style=\"color: #3366ff;\">Witold Lutos\u0142awski<\/span><\/a> [\u20201994]) 1990.<\/li>\n<li>Frequently at the Przegl\u0105d Piosenki Aktorskiej in Wroclaw, as a composer, arranger and keyboardist, associated with gala concerts and accompanying events. The visits to Wroc\u0142aw began with participation in the play &#8220;Workshop&#8221; (1993) directed by <a href=\"https:\/\/en.wikipedia.org\/wiki\/Andrzej_Strzelecki\" target=\"_blank\" rel=\"noopener\"><span style=\"color: #3366ff;\">Andrzej Strzelecki<\/span><\/a> [\u2020 2020], with whom I liked working very much. Not only that, he was my neighbor 1993-2007.<\/li>\n<li>Several years of cooperation with Maryla Rodowicz in the role of music director, arranger and instrumentalist 1993-1996.<\/li>\n<li>Music producer of Maryla Rodowicz&#8217;s album \u201cMarysia Biesiadna\u201d Polygram Polska (arranger, conductor, keyboardist) 1994.<\/li>\n<li>Music producer of the album \u201cZ\u0142ota Maryla\u201d by Maryla Rodowicz, Polygram Polska (arranger, conductor, keyboardist) 1995.<\/li>\n<li>Music producer of part of <a href=\"http:\/\/www.wodecki.pl\/\" target=\"_blank\" rel=\"noopener\"><span style=\"color: #3366ff;\">Zbigniew Wodecki&#8217;s<\/span><\/a> [\u20202020] album \u201cZbigniew Wodecki\u201d KOCH International Poland (arranger, keyboard player) 1995.<\/li>\n<li>Premiere of the play \u201cIldefonsjada czyli Sen o letniej nocy\u201d, directed by Piotr Cie\u015blak, at the Dramatyczny Theater in Warsaw (arranger, composer, keyboardist) 1996.<\/li>\n<li>Premiere of the show \u201c<em>Cryminale tango\u201d<\/em>, directed by Wojciech M\u0142ynarski, at the Rampa Theater in Warsaw (arranger, keyboardist) 1997.<\/li>\n<li>Premiere of the play \u201c<em>Mickiewicz \u015bmieszy, tumani, przestrasza\u2026\u201d<\/em>, directed by Piotr Cie\u015blak, at the Dramatyczny Theater in Warsaw (arranger, composer, keyboardist) 1998.<\/li>\n<li>Music producer of <a href=\"https:\/\/pl.wikipedia.org\/wiki\/Danuta_Rinn\" target=\"_blank\" rel=\"noopener\"><span style=\"color: #3366ff;\">Danuta Rinn&#8217;s<\/span><\/a> [\u20202006] album \u201c<em>Jeszcze jestem\u201d<\/em>, (arranger, keyboardist) MTJ Agencja Artystyczna 1998.<\/li>\n<li>Recording of the first author&#8217;s album \u201cThe Heart Of Spider\u201d, in the recording studio of Polish Radio, named after Agnieszka Osiecka in Warsaw, which mainly contains instrumental music 1998.<\/li>\n<li>Beginning of pedagogical work \u2013 in June 1998 I was approached by my good friend <span style=\"color: #3366ff;\"><a style=\"color: #3366ff;\" href=\"https:\/\/pl.wikipedia.org\/wiki\/Henryk_Majewski_(muzyk)\" target=\"_blank\" rel=\"noopener\">Henryk Majewski<\/a><\/span> [\u20202005], the then director of the Jazz Department at the Fryderyk Chopin in Warsaw, asking if I would like to accept a teaching position and I will conduct classes in arrangement at the Post-Secondary Jazz School. He justified the proposal with the very poor health of Andrzej Trzaskowski, who had conducted these classes so far. I did not feel comfortable in this situation and it was only after a long time that I accepted the offer and started working on September 1, 1998.<\/li>\n<li>The media premiere of \u201cThe Heart Of Spider\u201d in September 1999.<\/li>\n<li><em>\u201cPami\u0119tajmy o Osieckiej\u201d<\/em> \u2013 competition for the interpretation of songs by <a href=\"https:\/\/en.wikipedia.org\/wiki\/Agnieszka_Osiecka\" target=\"_blank\" rel=\"noopener\"><span style=\"color: #3366ff;\">Agnieszka Osiecka<\/span><\/a> [\u20201997] (arranger and keyboardist) 1999 -2006.<\/li>\n<li>Beginning of ongoing cooperation with the band \u201c<em>Tercet czyli kwartet\u201d<\/em> (keyboard player, arranger, composer) 2000.<\/li>\n<li>Premiere of the musical performance \u201c<em>Zobaczy\u0107 piosenk\u0119 i \u2026\u201d<\/em>, directed by Andrzej Strzelecki as the Gala of the 21st Review of Actor&#8217;s Song in Wroclaw (arranger, keyboardist) 2000.<\/li>\n<li><em>\u201cMikrofon dla wszystkich\u201d<\/em>\u2013 musical direction in a cyclical competition music program organized and broadcast by Program I of Polish Radio 2001.<\/li>\n<li>The premiere of the musical <a href=\"http:\/\/wojciechzielinski.eu\/wordpress\/wp-content\/uploads\/2021\/05\/Chicago.jpg\" target=\"_blank\" rel=\"noopener\"><span style=\"color: #3366ff;\">\u201c<em>Chicago\u201d<\/em><\/span><\/a>, directed by Krzysztof Jasi\u0144ski, at the Komedia Theater in Warsaw (music director and conductor) 2002.<\/li>\n<li>Premiere of the album \u201c<em>Perfect Symfonicznie\u201d<\/em> (composer and arranger), Polish Radio 2002.<\/li>\n<li>Nomination to the Fryderyk 2002 Phonographic Academy Award in the Rock Album of the Year category for the album \u201c<em>Perfect Symfonicznie\u201d<\/em> (composer, arranger) 2002.<\/li>\n<li><span style=\"color: #ff0000;\">1st Prize<\/span> in the Composers &#8216;Competition ZAiKS, ZKP and Youth Club of the Polish Composers&#8217; Union, on the occasion of Karol Szymanowski&#8217;s 120th birthday, for the music \u201c<em>\u015awiat\u0142a Ziemi\u201d<\/em>, to texts by Mieczys\u0142awa Buczk\u00f3wna, for: soprano, guitar, harp, harpsichord and percussion 2003.<\/li>\n<li>Premiere of the musical performance by Jadwiga Has \u201c<em>Sztuka kochania czyli serdeczne porachunki\u201d<\/em>, directed by Jan Szurmiej at the Na Woli Theater in Warsaw and recording a CD for the Polish Radio Phonographic Agency, under the same title, with songs from the performance (music director, arranger, keyboard player, composer) 2004.<\/li>\n<li>Premiere of the musical \u201c<em>Opera za trzy grosze\u201d<\/em> by Bertolt Brecht and Kurt Weil, directed by Laco Adamik, at the Syrena Theater in Warsaw (music director and conductor) 2004.<\/li>\n<li>Preparation of a <a href=\"http:\/\/wojciechzielinski.eu\/wordpress\/wp-content\/uploads\/2021\/05\/WSAO-kolekcja-wers.1-korekta-scaled-e1620214749644.jpg\" target=\"_blank\" rel=\"noopener\"><span style=\"color: #3366ff;\">ten-volume<\/span><\/a> music publishing house &#8211; \u201c<em>Wielki \u015apiewnik Agnieszki Osieckiej\u201d<\/em> by Agnieszka Osiecka (author&#8217;s musical compositions) 2004-09.<\/li>\n<li>Premiere of the musical performance \u201c<em>Dobranoc panowie\u201d<\/em>, directed by Jerzy Satanowski, at the Atelier Theater in Sopot (music director, arranger, keyboardist) 2005.<\/li>\n<li>Premiere of the musical \u201c<em>Stepping out\u201d<\/em>, directed by Krzysztof Jasi\u0144ski, at the Komedia Theater in Warsaw (music director, composer, arranger) 2006.<\/li>\n<li><span style=\"color: #ff0000;\">The Bursztynowa R\u00f3\u017ca Award<\/span> received from the Elbl\u0105ska Fundacja Akademicka during the XII Elbl\u0105skie Noce Teatru i Poezji 2008.<\/li>\n<li>Starting cooperation with the \u201c<em>Perfect\u201d<\/em> band as the conductor of the \u201c<em>Perfect Symfonicznie\u201d<\/em> concerts 2008.<\/li>\n<li>Premiere of the author&#8217;s musical performance \u201c<em>Piosenka o Zieli\u0144skiej czyli Zieli\u0144scy Zieli\u0144skim\u201d<\/em> at the XII Elbl\u0105skie Noce Teatru i Poezji (music director, composer, arranger, conductor, keyboardist) 2008.<\/li>\n<li>Premiere of the musical \u201c<em>Kram z piosenkami\u201d<\/em> by Leon Schiller, directed by Laco Adamik, at the Syrena Theater in Warsaw (music director and arrangements) 2008.<\/li>\n<li>A spectacular concert \u201c<em>Perfect Symfonicznie\u201d<\/em> in Hala Stulecia in Wroclaw, combined with recording DVDs and CDs (conductor, arranger, composer) 2009.<\/li>\n<li>The concert premiere of the music project \u201c<em>Chopin Symphony Jazz Project\u201d<\/em> at the \u201c<em>Chopiniana\u201d<\/em> festival in \u0141azienki Kr\u00f3lewskie (composer, arranger, conductor) 2009.<\/li>\n<li><span style=\"color: #ff0000;\">Golden Record<\/span> for \u201c<em>Perfect Symfonicznie\u201d<\/em> (DVD \/ CD) &#8211; received during a gala concert at the Congress Hall in Warsaw (conductor, arranger) 2009.<\/li>\n<li>Establishment of the new, own orchestra \u201c<em>Perfect Girls &amp; Friends Orchestra\u201d<\/em>, which includes accompanies the \u201c<em>Perfect\u201d<\/em> band in the \u201c<em>Perfect Symfonicznie\u201d<\/em> concerts 2009.<\/li>\n<li>Recording and premiere of the album \u201c<em>Chopin Symphony Jazz Project\u201d<\/em> (composer, arranger, conductor, music co-producer) 2010.<\/li>\n<li>Concert \u201c<em>Piosenki Wojciecha Zieli\u0144skiego\u201d<\/em> prepared with vocalists of the Stage Department of the ZPSM. Fr. Chopin in Warsaw (composer, arranger) 2010.<\/li>\n<li>Nomination for the \u201c<em>Fryderyk 2011\u201d<\/em> Phonographic Academy Award in the Jazz Album of the Year category for the album \u201c<em>Chopin Symphony Jazz Project\u201d<\/em> (composer, arranger, conductor, music co-producer) 2011.<\/li>\n<li>Premiere of the play \u201c<em>W\u0142asno\u015b\u0107 znana jako Judy Garland\u201d<\/em>, directed by S\u0142awomir Chwastowski, at the Capitol Theater in Warsaw with Hanna \u015aleszy\u0144ska in the lead role (arranger, instrumentalist) 2011.<\/li>\n<li>Jubilee concert \u201c<em>20-lecie Wydzia\u0142u Jazzu na Bednarskiej\u201d<\/em> at the Filharmonia Narodowa in Warsaw (conductor, composer, master of ceremonies) 2012.<\/li>\n<li>A great concert \u201c<em>Perfect Symfonicznie\u201d<\/em> at the Life Festival O\u015bwi\u0119cim 2013 (conductor, arranger, composer) 2013.<\/li>\n<li>The \u201c<em>Perfect Girls &amp; Friends\u201d <\/em> concert as the inauguration of the Tour de Pologne 2013 in Trento (Italy) (composer, keyboardist) 2013.<\/li>\n<li>Recording of the album \u201c<em>Andrzej Jagodzi\u0144ski &#8211; Koncert fortepianowy g-moll\u201d<\/em> with the Orkiestra Filharmonii Narodowej in Warsaw (conductor) 2013.<\/li>\n<li>Andrzej Jagodzi\u0144ski Trio Jubilee concert with the Orkiestra Filharmonii Narodowej in Warsaw (conductor) 2013.<\/li>\n<li><em>\u201cMisa a Buenos Aires\u201d<\/em> concert with the \u201c<em>Perfect Girls &amp; Friends\u201d<\/em> and the ARTOS Mixed Choir at the Filharmonia Narodowa in Warsaw (conductor) 2014.<\/li>\n<li><em>\u201cKobieta, m\u0119\u017cczyzna, i&#8230;\u201d<\/em> concert prepared with vocalists of the Stage Department of the State Music School Fr. Chopin in Warsaw, with the participation of the Symphony Orchestra and students of the Jazz Department (script and direction, arranger and conductor), Capitol Theater in Warsaw 2014.<\/li>\n<li><em>\u201cReal Diamonds\u201d<\/em> concert prepared with vocalists from the Stage Department and the Jazz Department of ZPSM Fr. Chopin in Warsaw for the festival \u201cSzalone Dni Muzyki 2014\u201d (script and direction, lead, arranger, instrumentalist and conductor) 2014.<\/li>\n<li>Nomination for the \u201c<em>Fryderyk 2014\u201d<\/em> Phonographic Academy Award in the Jazz Album of the Year category for the album \u201c<em>Andrzej Jagodzi\u0144ski &#8211; Koncert fortepianowy g-moll\u201d<\/em> (conductor) 2014.<\/li>\n<li><a href=\"http:\/\/wojciechzielinski.eu\/wordpress\/wp-content\/uploads\/2019\/04\/Gratulacje-Nagroda-CEA-2014.jpg\"><span style=\"color: #ff0000;\">1st Degree Individual Award<\/span><\/a> of the Director of the Artistic Education Center for special contribution to the development of artistic education in Poland 2014.<\/li>\n<li><em>\u201cPerfect Girls &amp; Friends\u201d<\/em> concerts as the Polish representation in Italy at the world exhibition EXPO Milan 2015 (composer, arranger, keyboard player) 2015.<\/li>\n<li><em>\u201cJu\u017c nie zapomnisz mnie\u201d<\/em> concert from the series \u201c<em>Wojciech Zieli\u0144ski prezentuje\u201d<\/em> prepared with the vocalists of the Stage Department and the Jazz Department of ZPSM Fr. Chopin in Warsaw (script and direction, lead, arranger, instrumentalist), assembly hall of the Spo\u0142eczno\u015b\u0107 Chrze\u015bcija\u0144ska P\u00f3\u0142noc in Warsaw 2015.<\/li>\n<li>Maryla Rodowicz&#8217;s Jubilee Concert \u201c<em>Wariatka ta\u0144czy<\/em>\u201d at the 54 Krajowy Festiwal Polskiej Piosenki in Opole. \u201c<em>Zieli\u0144ski Project<\/em>\u201d<em> \u2013 <\/em>the new name of the orchestra appears for the first time (conductor, arranger) 2017.<\/li>\n<li>Cooperation with Doda on the occasion of the above concert, which is to lead to the next project (conductor, arranger) 2017.<\/li>\n<li>Musical production of Doda&#8217;s solo album with the \u201c<em>Zieli\u0144ski Project<\/em>\u201d orchestra (producer, conductor, arranger, instrumentalist) 2018.<\/li>\n<li>The premiere of the album \u201c<em>Doda \u2013 Dorota\u201d<\/em> also in vinyl version January 2019.<\/li>\n<li>Doda concerts promoting the album \u201c<em>Doda &#8211; Dorota<\/em>\u201d with the \u201c<em>Zieli\u0144ski Project<\/em>\u201d orchestra: Warsaw, Lublin, Warsaw, Katowice, Warsaw, Krakow, Gda\u0144sk, Szczecin (conductor, arranger, pianist) 2019.<\/li>\n<li><span style=\"color: #ff0000;\">1st Prize<\/span> in the Composers&#8217; Competition for a song about the <span style=\"color: #3366ff;\">\u201c<em><a style=\"color: #3366ff;\" href=\"http:\/\/www.wiadomoscisasiedzkie.pl\/news\/130\/n\/13373\" target=\"_blank\" rel=\"noopener noreferrer\">Zakochaj si\u0119 w Warszawie w Weso\u0142ej&#8221;<\/a><\/em><\/span> district. The song finally received the title <span style=\"color: #3366ff;\"><a style=\"color: #3366ff;\" href=\"https:\/\/www.youtube.com\/watch?v=pLpLPQ6TmW0\" target=\"_blank\" rel=\"noopener\">\u201c<em>Stacyjka Weso\u0142a<\/em>&#8220;<\/a><\/span>, lyrics was written by Tomasz Kordeusz, and beautifully performed by a young, talented artist &#8211; Karolina Anastazja Lizer, who she got the audience award 2019.<\/li>\n<li>In September 2019, preparations began in full swing for the concert premiere of the program <span style=\"color: #3366ff;\"><a style=\"color: #3366ff;\" href=\"http:\/\/wojciechzielinski.eu\/wordpress\/wp-content\/uploads\/2020\/02\/plakatABBA-toru\u0144.jpg\" target=\"_blank\" rel=\"noopener\"><em>\u201eMuzyka Zespo\u0142u ABBA Orkiestrowo\u201d<\/em><\/a><\/span>, which is scheduled for December 14 in Toru\u0144 2019.<\/li>\n<li>The premiere of the program <em>\u201eMuzyka Zespo\u0142u ABBA Orkiestrowo\u201d<\/em> prepared by me, performed by four young, talented singers accompanied by the &#8220;Zieli\u0144ski Project&#8221; orchestra, took place at CKK Jordanki, in Toru\u0144, on December 14, 2019.<\/li>\n<li>The 57th National Festival of Polish Song in Opole was attended by Karolina Lizer with the song <a href=\"https:\/\/www.youtube.com\/watch?v=xzR2v7x7GfQ&amp;list=OLAK5uy_nkcQjUw3Nw_HwdXSFeCgbINT7KNHRpJuE\"><span style=\"color: #3366ff;\"><em>&#8220;Aksamitnie&#8221;<\/em><\/span><\/a> by Wojciech Zieli\u0144ski and Tomasz Kordeusz 2020.<\/li>\n<li><a href=\"http:\/\/wojciechzielinski.eu\/wordpress\/wp-content\/uploads\/2021\/04\/Wyroznienie-Wesola2-scaled.jpg\"><span style=\"color: #ff0000;\">Award<\/span> <span style=\"color: #3366ff;\">for outstanding achievements in the field of culture<\/span><\/a> in 2019 from Burmistrz Dzielnicy Weso\u0142a of the Capital City of Warsaw 2020.<\/li>\n<li>October 2021, Karolina Lizer decided to take part in the first edition of the &#8220;Crystal Kamerton Polish Song Festival&#8221;, where she performed the song <em>&#8220;Tango Bar&#8221;<\/em>, again by our tandem, i.e. Tomek Kordeusz and me. She received the <span style=\"color: #ff0000;\">Grand Prix of the Festival 2021<\/span>.<\/li>\n<li>October 2022, Lora Szafran decided to take part in the second edition of the &#8220;Crystal Kamerton Polish Song Festival&#8221;, where she performed the song <em>&#8220;Panie Jazz&#8221;<\/em>, written by: Lora Szafran &amp; Wojciech Zieli\u0144ski \u2013 lyrics and Wojciech Zieli\u0144ski \u2013 music. She won the <span style=\"color: #ff0000;\">Grand Prix of the Festival 2022<\/span>.<\/li>\n<\/ul>\n<p><\/p>","protected":false},"excerpt":{"rendered":"<p>Born February 15, 1955 in J\u00f3zef\u00f3w (Poland). At the age of 3, I take my first steps as a conductor \u2013 the band playing under my baton is extremely modest, because one-man \u2013 older brother accordion player\u2026 1958. The beginnings of playing the piano but not only&#8230; 1959. My first composition \u2013 \u201cEtiuda nr 1\u201d [&hellip;]<\/p>\n","protected":false},"author":1,"featured_media":0,"parent":82,"menu_order":0,"comment_status":"closed","ping_status":"closed","template":"","meta":{"ngg_post_thumbnail":0,"footnotes":""},"class_list":["post-85","page","type-page","status-publish","hentry"],"_links":{"self":[{"href":"http:\/\/wojciechzielinski.eu\/en\/wp-json\/wp\/v2\/pages\/85","targetHints":{"allow":["GET"]}}],"collection":[{"href":"http:\/\/wojciechzielinski.eu\/en\/wp-json\/wp\/v2\/pages"}],"about":[{"href":"http:\/\/wojciechzielinski.eu\/en\/wp-json\/wp\/v2\/types\/page"}],"author":[{"embeddable":true,"href":"http:\/\/wojciechzielinski.eu\/en\/wp-json\/wp\/v2\/users\/1"}],"replies":[{"embeddable":true,"href":"http:\/\/wojciechzielinski.eu\/en\/wp-json\/wp\/v2\/comments?post=85"}],"version-history":[{"count":159,"href":"http:\/\/wojciechzielinski.eu\/en\/wp-json\/wp\/v2\/pages\/85\/revisions"}],"predecessor-version":[{"id":1739,"href":"http:\/\/wojciechzielinski.eu\/en\/wp-json\/wp\/v2\/pages\/85\/revisions\/1739"}],"up":[{"embeddable":true,"href":"http:\/\/wojciechzielinski.eu\/en\/wp-json\/wp\/v2\/pages\/82"}],"wp:attachment":[{"href":"http:\/\/wojciechzielinski.eu\/en\/wp-json\/wp\/v2\/media?parent=85"}],"curies":[{"name":"wp","href":"https:\/\/api.w.org\/{rel}","templated":true}]}}